{"id":1429,"date":"2021-03-24T13:33:32","date_gmt":"2021-03-24T19:33:32","guid":{"rendered":"http:\/\/gsamericas.com\/sistemas-arie-acondicionado\/?post_type=product&#038;p=1429"},"modified":"2021-04-05T11:49:57","modified_gmt":"2021-04-05T17:49:57","slug":"ducto-flexible-aislado-6-a-20-x-25-r-4-2","status":"publish","type":"product","link":"https:\/\/gsamericas.com\/sistemas-arie-acondicionado\/producto\/ducto-flexible-aislado-6-a-20-x-25-r-4-2\/","title":{"rendered":"Ducto Flexible Aislado 6&#8243; a 20&#8243; x 25&#8242;, R-4.2"},"content":{"rendered":"<p><a href=\"http:\/\/gsamericas.com\/sistemas-arie-acondicionado\/wp-content\/uploads\/2021\/03\/FacilFlex-Ducto-Flexible-Aislado.pdf\" target=\"_blank\" rel=\"noopener noreferrer\">Ficha t\u00e9cnica<\/a><\/p>\n","protected":false},"excerpt":{"rendered":"<p><em><strong>Marca:<\/strong> Owens Corning<\/em><\/p>\n<p><em><strong>Modelo:<\/strong> F\u00e1cilFlex<\/em><\/p>\n<p><em><strong>Unidad de Medida:<\/strong> Unidad<\/em><\/p>\n<p><strong><em>Especificaciones:<\/em><\/strong><\/p>\n<ul>\n<li><em>Est\u00e1 conformado por un n\u00facleo de alambre helicoidal de acero, encapsulado entre dos pel\u00edculas de poli\u00e9ster, a trav\u00e9s del cual fluye el aire del sistema.<\/em><\/li>\n<li><em>El n\u00facleo es recubierto con aislamiento de fibra de vidrio y a su vez con una manga de poli\u00e9ster metalizado.<\/em><\/li>\n<li><em>La superficie interna del n\u00facleo es lo suficientemente lisa para tener bajas p\u00e9rdidas por fricci\u00f3n y bajos costos de operaci\u00f3n. Est\u00e1 garantizada por 5 a\u00f1os.<\/em><\/li>\n<li><em>El refuerzo de la manga metalizada de poli\u00e9ster protege el sistema de rasgaduras e incisiones, lo que permite ahorrar en mantenimiento.<\/em><\/li>\n<li><em>Velocidad m\u00e1xima: 5000 fpm.<\/em><\/li>\n<li><em>Temperatura de operaci\u00f3n: -20\u00baF (-29\u00baC) a 140\u00baF (60\u00baC) continuos a la presi\u00f3n m\u00e1xima.<\/em><\/li>\n<li><em>Valor \u201cR\u201d 4.2<\/em><\/li>\n<li><em>No deben usarse en sistemas con temperaturas mayores a 121\u00b0C.<\/em><\/li>\n<li><em>No se deben instalar a la intemperie.<\/em><\/li>\n<\/ul>\n<p>&nbsp;<\/p>\n<p><img class=\"alignnone size-full wp-image-1421\" src=\"http:\/\/gsamericas.com\/sistemas-arie-acondicionado\/wp-content\/uploads\/2021\/03\/OC-logo.png\" alt=\"\" width=\"120\" height=\"120\" srcset=\"https:\/\/gsamericas.com\/sistemas-arie-acondicionado\/wp-content\/uploads\/2021\/03\/OC-logo-66x66.png 66w, https:\/\/gsamericas.com\/sistemas-arie-acondicionado\/wp-content\/uploads\/2021\/03\/OC-logo-100x100.png 100w, https:\/\/gsamericas.com\/sistemas-arie-acondicionado\/wp-content\/uploads\/2021\/03\/OC-logo.png 120w\" sizes=\"(max-width: 120px) 100vw, 120px\" \/><\/p>\n","protected":false},"featured_media":1475,"template":"","meta":{"spay_email":""},"_links":{"self":[{"href":"https:\/\/gsamericas.com\/sistemas-arie-acondicionado\/wp-json\/wp\/v2\/product\/1429"}],"collection":[{"href":"https:\/\/gsamericas.com\/sistemas-arie-acondicionado\/wp-json\/wp\/v2\/product"}],"about":[{"href":"https:\/\/gsamericas.com\/sistemas-arie-acondicionado\/wp-json\/wp\/v2\/types\/product"}],"wp:featuredmedia":[{"embeddable":true,"href":"https:\/\/gsamericas.com\/sistemas-arie-acondicionado\/wp-json\/wp\/v2\/media\/1475"}],"wp:attachment":[{"href":"https:\/\/gsamericas.com\/sistemas-arie-acondicionado\/wp-json\/wp\/v2\/media?parent=1429"}],"curies":[{"name":"wp","href":"https:\/\/api.w.org\/{rel}","templated":true}]}}