{"id":1426,"date":"2021-03-24T12:44:24","date_gmt":"2021-03-24T18:44:24","guid":{"rendered":"http:\/\/gsamericas.com\/sistemas-arie-acondicionado\/?post_type=product&#038;p=1426"},"modified":"2021-04-05T11:47:13","modified_gmt":"2021-04-05T17:47:13","slug":"fibra-de-vidrio-rigida-1-x-48-x-120-tipo-475-fsk","status":"publish","type":"product","link":"https:\/\/gsamericas.com\/sistemas-arie-acondicionado\/producto\/fibra-de-vidrio-rigida-1-x-48-x-120-tipo-475-fsk\/","title":{"rendered":"Fibra de Vidrio R\u00edgida 1&#8243; x 48&#8243; x 120&#8243; Tipo 475 FSK"},"content":{"rendered":"<p><a href=\"http:\/\/gsamericas.com\/sistemas-arie-acondicionado\/wp-content\/uploads\/2021\/03\/QuietR-Duct-Board.pdf\" target=\"_blank\" rel=\"noopener noreferrer\">Ficha t\u00e9cnica<\/a><\/p>\n","protected":false},"excerpt":{"rendered":"<p><em><strong>Marca:<\/strong> Owens Corning<\/em><\/p>\n<p><em><strong>Modelo:<\/strong> QuietR<\/em><\/p>\n<p><em><strong>Unidad de Medida:<\/strong> L\u00e1mina<\/em><\/p>\n<p><em><strong>Empaque de f\u00e1brica:<\/strong> 6 l\u00e1minas\/caja<\/em><\/p>\n<p><strong><em>Especificaciones:<\/em><\/strong><\/p>\n<ul>\n<li><em>Cumple con las siguientes especificaciones:<\/em>\n<ul>\n<li><em>Cumple NFPA 90A\/90B.<\/em><\/li>\n<li><em>Cumple con el C\u00f3digo Mec\u00e1nico Internacional ICC.<\/em><\/li>\n<li><em>Soportado por los est\u00e1ndares de la industria, NAIMA y SMACNA.<\/em><\/li>\n<li><em>Cumple ASTM C 1338, ASTM G21 (Prueba de hongos) y ASTM G22 (Prueba de bacterias).<\/em><\/li>\n<\/ul>\n<\/li>\n<li><em>Certificado por Scientific Certification Systems por contener un m\u00ednimo de 57% de fibra reciclada.<\/em><\/li>\n<li><em>Certificado para cumplir con los est\u00e1ndares de calidad del aire interior, bajo el estricto Programa de Certificaci\u00f3n de Calidad del Aire Interior GREENGUARD\u00ae y el GREENGUARD Children &amp;<br \/>\nSchools Certification Program.<\/em><\/li>\n<li><em>L\u00edmites m\u00e1ximos de temperatura de operaci\u00f3n:<\/em>\n<ul>\n<li><em>Interna: 250\u00b0F (121\u00b0C)<\/em><\/li>\n<li><em>Externa: 150\u00b0F (66\u00b0C)<\/em><\/li>\n<\/ul>\n<\/li>\n<li><em>Velocidad m\u00e1xima del aire: 6000 fpm (30.5 m\/seg.)<\/em><\/li>\n<li><em>L\u00edmite de presi\u00f3n est\u00e1tica: +\/- 2&#8243; c.a.<\/em><\/li>\n<li><em>Absorci\u00f3n de vapor de agua: &lt;3% por peso a 120\u00b0F (49\u00b0C), 95% R.H.<\/em><\/li>\n<li><em>Resistencia al moho: Cumple los requerimientos.<\/em><\/li>\n<li><em>Resistencia a los hongos: Cumple los requerimientos.<\/em><\/li>\n<li><em>Resistencia a las bacterias: Cumple los requerimientos.<\/em><\/li>\n<li><em>Propagaci\u00f3n de la llama: 25<\/em><\/li>\n<li><em>Desarrollo de humo: 50<\/em><\/li>\n<li><em>Retraso al fuego: 30 min de penetraci\u00f3n de la llama.<\/em><\/li>\n<\/ul>\n<p>&nbsp;<\/p>\n<p><img class=\"alignnone size-full wp-image-1421\" src=\"http:\/\/gsamericas.com\/sistemas-arie-acondicionado\/wp-content\/uploads\/2021\/03\/OC-logo.png\" alt=\"\" width=\"120\" height=\"120\" srcset=\"https:\/\/gsamericas.com\/sistemas-arie-acondicionado\/wp-content\/uploads\/2021\/03\/OC-logo-66x66.png 66w, https:\/\/gsamericas.com\/sistemas-arie-acondicionado\/wp-content\/uploads\/2021\/03\/OC-logo-100x100.png 100w, https:\/\/gsamericas.com\/sistemas-arie-acondicionado\/wp-content\/uploads\/2021\/03\/OC-logo.png 120w\" sizes=\"(max-width: 120px) 100vw, 120px\" \/><\/p>\n","protected":false},"featured_media":1472,"template":"","meta":{"spay_email":""},"_links":{"self":[{"href":"https:\/\/gsamericas.com\/sistemas-arie-acondicionado\/wp-json\/wp\/v2\/product\/1426"}],"collection":[{"href":"https:\/\/gsamericas.com\/sistemas-arie-acondicionado\/wp-json\/wp\/v2\/product"}],"about":[{"href":"https:\/\/gsamericas.com\/sistemas-arie-acondicionado\/wp-json\/wp\/v2\/types\/product"}],"wp:featuredmedia":[{"embeddable":true,"href":"https:\/\/gsamericas.com\/sistemas-arie-acondicionado\/wp-json\/wp\/v2\/media\/1472"}],"wp:attachment":[{"href":"https:\/\/gsamericas.com\/sistemas-arie-acondicionado\/wp-json\/wp\/v2\/media?parent=1426"}],"curies":[{"name":"wp","href":"https:\/\/api.w.org\/{rel}","templated":true}]}}