{"id":1422,"date":"2021-03-24T12:23:23","date_gmt":"2021-03-24T18:23:23","guid":{"rendered":"http:\/\/gsamericas.com\/sistemas-arie-acondicionado\/?post_type=product&#038;p=1422"},"modified":"2021-03-24T12:24:46","modified_gmt":"2021-03-24T18:24:46","slug":"fibra-de-vidrio-flex-2-x-48-x-100-tipo-75-frk-r-6-9","status":"publish","type":"product","link":"https:\/\/gsamericas.com\/sistemas-arie-acondicionado\/producto\/fibra-de-vidrio-flex-2-x-48-x-100-tipo-75-frk-r-6-9\/","title":{"rendered":"Fibra de Vidrio Flex.2&#8243; x 48&#8243; x 100&#8242;, Tipo 75 FRK, R-6.9"},"content":{"rendered":"<p><a href=\"http:\/\/gsamericas.com\/sistemas-arie-acondicionado\/wp-content\/uploads\/2021\/03\/SoftR-Duct-Wrap-FRK.pdf\" target=\"_blank\" rel=\"noopener noreferrer\">Ficha t\u00e9cnica<\/a><\/p>\n","protected":false},"excerpt":{"rendered":"<p><em><strong>Marca:<\/strong> Owens Corning<\/em><\/p>\n<p><em><strong>Modelo:<\/strong> SOFTR\u00ae Duct Wrap FRK<\/em><\/p>\n<p><em><strong>Unidad de Medida:<\/strong> Rollo<\/em><\/p>\n<p><em><strong>Empaque de f\u00e1brica:<\/strong> Unidad<\/em><\/p>\n<p><strong><em>Especificaciones:<\/em><\/strong><\/p>\n<ul>\n<li><em>Cumple con las siguientes especificaciones:<\/em>\n<ul>\n<li><em>ASTM C 1290: Aislamiento de fibra de vidrio flexible utilizado para aislar externamente conductos HVAC, tipo III.<\/em><\/li>\n<li><em>ASTM C 1136: Retardadores de vapor flexibles de baja permeabilidad para aislamiento t\u00e9rmico, tipo II (solo revestimiento).<\/em><\/li>\n<li><em>ASTM C 553: Aislamiento t\u00e9rmico de fibra mineral:<\/em>\n<ul>\n<li><em>Tipo I &#8211; Envoltura para conductos Fiberglas\u2122\u00a0 Tipo 75.<\/em><\/li>\n<li><em>Tipo II &#8211; SOFTR\u00ae Envoltura de conductos FRK Tipos 100 y 150. (Temperaturas de funcionamiento hasta 250 \u00b0F (121 \u00b0C) y valores t\u00e9rmicos promedio de 150 \u00b0F (66 \u00b0C).<\/em><\/li>\n<\/ul>\n<\/li>\n<\/ul>\n<\/li>\n<li><em>Este producto est\u00e1 dise\u00f1ado para cumplir con el rendimiento existente est\u00e1ndar como NFPA 90A y<br \/>\n90B; y otros c\u00f3digos mec\u00e1nicos y de energ\u00eda.<\/em><\/li>\n<li><em>Temperatura de operaci\u00f3n: Hasta 250\u00b0F (121\u00b0C).<\/em><\/li>\n<li><em>L\u00edmite de temperatura de la chaqueta de aislamiento: Hasta 150\u00b0F (66\u00b0C).<\/em><\/li>\n<li><em>Resistencia a la perforaci\u00f3n de la chaqueta: 25 unidades (0.7 joules).<\/em><\/li>\n<li><em>Permeabilidad al vapor de agua: 0.02 perms.<\/em><\/li>\n<li><em>Absorci\u00f3n de vapor de agua: &lt;3% por peso a 120\u00b0F (49\u00b0C), 95% R.H.<\/em><\/li>\n<li><em>Resistencia a los hongos: Cumple los requerimientos.<\/em><\/li>\n<li><em>Propagaci\u00f3n de la llama: 25<\/em><\/li>\n<li><em>Desarrollo de humo: 50<\/em><\/li>\n<li><em>SOFTR\u00ae Duct Wrap FRK es utilizado para aislamiento externo de conductos de aire acondicionado comercial y residencial que operan en temperaturas desde 40 \u00b0F (4 \u00b0C) hasta 250 \u00b0F (121 \u00b0C).<\/em><\/li>\n<li><em>Este aislamiento cuando se aplica de acuerdo con las instrucciones de instalaci\u00f3n, proporciona el \u00abvalor R instalado\u00bb seg\u00fan lo publicado para el producto e impreso en la cara, asegurando in situ el control de condensaci\u00f3n y el rendimiento t\u00e9rmico especificado.<\/em><\/li>\n<li><em>SOFTR\u00ae Duct Wrap FRK no es recomendado para utilizar en sistema de conductos, sujetos a un servicio continuo, con temperaturas superiores a 250\u00b0F (121\u00b0C).<\/em><\/li>\n<li><em>SOFTR\u00ae Duct Wrap FRK no debe ser utilizado en el interior de los conductos.<\/em><\/li>\n<\/ul>\n<p>&nbsp;<\/p>\n<p><img class=\"alignnone size-full wp-image-1421\" src=\"http:\/\/gsamericas.com\/sistemas-arie-acondicionado\/wp-content\/uploads\/2021\/03\/OC-logo.png\" alt=\"\" width=\"120\" height=\"120\" srcset=\"https:\/\/gsamericas.com\/sistemas-arie-acondicionado\/wp-content\/uploads\/2021\/03\/OC-logo-66x66.png 66w, https:\/\/gsamericas.com\/sistemas-arie-acondicionado\/wp-content\/uploads\/2021\/03\/OC-logo-100x100.png 100w, https:\/\/gsamericas.com\/sistemas-arie-acondicionado\/wp-content\/uploads\/2021\/03\/OC-logo.png 120w\" sizes=\"(max-width: 120px) 100vw, 120px\" \/><\/p>\n","protected":false},"featured_media":0,"template":"","meta":{"spay_email":""},"_links":{"self":[{"href":"https:\/\/gsamericas.com\/sistemas-arie-acondicionado\/wp-json\/wp\/v2\/product\/1422"}],"collection":[{"href":"https:\/\/gsamericas.com\/sistemas-arie-acondicionado\/wp-json\/wp\/v2\/product"}],"about":[{"href":"https:\/\/gsamericas.com\/sistemas-arie-acondicionado\/wp-json\/wp\/v2\/types\/product"}],"wp:attachment":[{"href":"https:\/\/gsamericas.com\/sistemas-arie-acondicionado\/wp-json\/wp\/v2\/media?parent=1422"}],"curies":[{"name":"wp","href":"https:\/\/api.w.org\/{rel}","templated":true}]}}