{"id":1414,"date":"2021-03-24T11:02:58","date_gmt":"2021-03-24T17:02:58","guid":{"rendered":"http:\/\/gsamericas.com\/sistemas-arie-acondicionado\/?post_type=product&#038;p=1414"},"modified":"2021-04-05T11:23:03","modified_gmt":"2021-04-05T17:23:03","slug":"forro-de-aluminio-liso-36-x-100-x-16-mils-c-barrera-de-vapor","status":"publish","type":"product","link":"https:\/\/gsamericas.com\/sistemas-arie-acondicionado\/producto\/forro-de-aluminio-liso-36-x-100-x-16-mils-c-barrera-de-vapor\/","title":{"rendered":"Forro de Aluminio Liso 36&#8243; x 100&#8242; x 16 mils, c\/barrera de vapor"},"content":{"rendered":"<p><a href=\"http:\/\/gsamericas.com\/sistemas-arie-acondicionado\/wp-content\/uploads\/2021\/03\/Aluminum-Roll-Jacketing-w-PFMB.pdf\" target=\"_blank\" rel=\"noopener noreferrer\">Ficha t\u00e9cnica<\/a><\/p>\n","protected":false},"excerpt":{"rendered":"<p><em><strong>Marca:<\/strong> Ideal Products<\/em><\/p>\n<p><em><strong>Unidad de Medida:<\/strong> Rollo<\/em><\/p>\n<p><em><strong>Empaque de f\u00e1brica:<\/strong> Unidad<\/em><\/p>\n<p><strong><em>Especificaciones:<\/em><\/strong><\/p>\n<ul>\n<li><em>Material: Aluminio de acabado liso.<\/em><\/li>\n<li><em>Grosor: 0.016&#8243;<\/em><\/li>\n<li><em>Barrera a la humedad: Pel\u00edcula de polietileno de 0.003&#8243; , laminada al aluminio bajo un proceso de calor y presi\u00f3n.<\/em><\/li>\n<li><em>Punto de fusi\u00f3n: 1220\u00b0F (660\u00b0C)<\/em><\/li>\n<li><em>Propagaci\u00f3n de la llama \/ Desarrollo de humo (ASTM E84): 25\/50 o menos.<\/em><\/li>\n<li><em>Cumple el est\u00e1ndar ASTM B-209.<\/em><\/li>\n<li><em>Es la opci\u00f3n est\u00e1ndar para proteger el aislamiento y tuber\u00eda o tanque subyacente de los elementos clim\u00e1ticos, incluida el agua, y da\u00f1o f\u00edsico.<\/em><\/li>\n<\/ul>\n<p>&nbsp;<\/p>\n<p><img class=\"alignnone size-full wp-image-1417\" src=\"http:\/\/gsamericas.com\/sistemas-arie-acondicionado\/wp-content\/uploads\/2021\/03\/Ideal-Products-Logo.png\" alt=\"\" width=\"214\" height=\"96\" srcset=\"https:\/\/gsamericas.com\/sistemas-arie-acondicionado\/wp-content\/uploads\/2021\/03\/Ideal-Products-Logo-200x90.png 200w, https:\/\/gsamericas.com\/sistemas-arie-acondicionado\/wp-content\/uploads\/2021\/03\/Ideal-Products-Logo.png 214w\" sizes=\"(max-width: 214px) 100vw, 214px\" \/><\/p>\n","protected":false},"featured_media":1469,"template":"","meta":{"spay_email":""},"_links":{"self":[{"href":"https:\/\/gsamericas.com\/sistemas-arie-acondicionado\/wp-json\/wp\/v2\/product\/1414"}],"collection":[{"href":"https:\/\/gsamericas.com\/sistemas-arie-acondicionado\/wp-json\/wp\/v2\/product"}],"about":[{"href":"https:\/\/gsamericas.com\/sistemas-arie-acondicionado\/wp-json\/wp\/v2\/types\/product"}],"wp:featuredmedia":[{"embeddable":true,"href":"https:\/\/gsamericas.com\/sistemas-arie-acondicionado\/wp-json\/wp\/v2\/media\/1469"}],"wp:attachment":[{"href":"https:\/\/gsamericas.com\/sistemas-arie-acondicionado\/wp-json\/wp\/v2\/media?parent=1414"}],"curies":[{"name":"wp","href":"https:\/\/api.w.org\/{rel}","templated":true}]}}