{"id":890,"date":"2021-02-03T14:06:50","date_gmt":"2021-02-03T20:06:50","guid":{"rendered":"http:\/\/gsamericas.com\/aseguramiento-de-la-calidad\/?post_type=product&#038;p=890"},"modified":"2021-03-18T16:47:00","modified_gmt":"2021-03-18T22:47:00","slug":"hanna-instruments","status":"publish","type":"product","link":"https:\/\/gsamericas.com\/aseguramiento-de-la-calidad\/producto\/hanna-instruments\/","title":{"rendered":"Hanna Instruments"},"content":{"rendered":"<ul>\n<li><strong>Industria alimenticia<\/strong><\/li>\n<\/ul>\n<p>Instrumentos para los fabricantes de alimentos y la industria l\u00e1ctea, con equipos de alta calidad que cumplen con las pruebas obligatorias y procedimientos de an\u00e1lisis.<\/p>\n<ul>\n<li><strong>Acuacultura<\/strong><\/li>\n<\/ul>\n<p>Amplia variedad de medidores dise\u00f1ados para cubrir las necesidades particulares de cada sistema de producci\u00f3n acu\u00edcola o de acuarios, con equipos electro anal\u00edticos de f\u00e1cil manejo y de uso pr\u00e1ctico en campo.<\/p>\n<ul>\n<li><strong>Agricultura e hidropon\u00eda<\/strong><\/li>\n<\/ul>\n<p>Para el sector agr\u00edcola que abarca invernaderos, hidropon\u00eda y sistemas de riego, es de gran importancia la medici\u00f3n de par\u00e1metros fisicoqu\u00edmicos para el an\u00e1lisis de diferentes par\u00e1metros en las muestras de agua que son indispensables para llevar un control adecuado en el cultivo.<\/p>\n<ul>\n<li><strong>An\u00e1lisis de agua<\/strong><\/li>\n<\/ul>\n<p>Equipos dirigidos a la medici\u00f3n de par\u00e1metros como: turbidez, conductividad, ox\u00edgeno disuelto, pH, cloro, as\u00ed como trazas de metales en agua, que le ayudar\u00e1n a la valoraci\u00f3n de la eficiencia de su sistema de purificaci\u00f3n.<\/p>\n<ul>\n<li><strong>Laboratorio<\/strong><\/li>\n<\/ul>\n<p>Medidores para los diferentes laboratorios: control de calidad, educacional, farmac\u00e9utico e industrial, en los cuales realizan la medici\u00f3n de par\u00e1metros fisicoqu\u00edmicos para el an\u00e1lisis de muestras<\/p>\n<ul>\n<li><strong>Proceso industrial<\/strong><\/li>\n<\/ul>\n<p>En el \u00e1rea de proceso la finalidad es medir, controlar y corregir las desviaciones surgidas en las variables de proceso, respecto de unos valores determinados, que se consideran \u00f3ptimos para conseguir las propiedades requeridas en los productos elaborados<\/p>\n<ul>\n<li><strong>Informaci\u00f3n Adicional<\/strong><\/li>\n<\/ul>\n<p><a href=\"http:\/\/gsamericas.com\/aseguramiento-de-la-calidad\/wp-content\/uploads\/2021\/02\/Catalogo-agua.pdf\" target=\"_blank\" rel=\"noopener noreferrer\">Cat\u00e1logo de productos de agua<\/a><\/p>\n<p><a href=\"http:\/\/gsamericas.com\/aseguramiento-de-la-calidad\/wp-content\/uploads\/2021\/02\/catalogo-de-agricultura_.pdf\" target=\"_blank\" rel=\"noopener noreferrer\">Cat\u00e1logo de productos para agricultura<\/a><\/p>\n<p><a href=\"http:\/\/gsamericas.com\/aseguramiento-de-la-calidad\/wp-content\/uploads\/2021\/02\/catalogo-de-alimento.pdf\" target=\"_blank\" rel=\"noopener noreferrer\">Cat\u00e1logo de productos para la industria de alimentos<\/a><\/p>\n<p>&nbsp;<\/p>\n","protected":false},"excerpt":{"rendered":"<p><strong>C\u00f3digo<\/strong>\u00a0 \u00a0CONTRA PEDIDO<\/p>\n<p><strong>Marca\u00a0\u00a0 <\/strong>HANNA INSTRUMENTS<\/p>\n<p><img class=\"alignnone size-medium wp-image-895\" src=\"http:\/\/gsamericas.com\/aseguramiento-de-la-calidad\/wp-content\/uploads\/2021\/02\/logo-hanna-1200x630-1-300x158.png\" alt=\"\" width=\"300\" height=\"158\" srcset=\"https:\/\/gsamericas.com\/aseguramiento-de-la-calidad\/wp-content\/uploads\/2021\/02\/logo-hanna-1200x630-1-200x105.png 200w, https:\/\/gsamericas.com\/aseguramiento-de-la-calidad\/wp-content\/uploads\/2021\/02\/logo-hanna-1200x630-1-300x158.png 300w, https:\/\/gsamericas.com\/aseguramiento-de-la-calidad\/wp-content\/uploads\/2021\/02\/logo-hanna-1200x630-1-400x210.png 400w, https:\/\/gsamericas.com\/aseguramiento-de-la-calidad\/wp-content\/uploads\/2021\/02\/logo-hanna-1200x630-1-500x263.png 500w, https:\/\/gsamericas.com\/aseguramiento-de-la-calidad\/wp-content\/uploads\/2021\/02\/logo-hanna-1200x630-1-600x315.png 600w, https:\/\/gsamericas.com\/aseguramiento-de-la-calidad\/wp-content\/uploads\/2021\/02\/logo-hanna-1200x630-1-700x368.png 700w, https:\/\/gsamericas.com\/aseguramiento-de-la-calidad\/wp-content\/uploads\/2021\/02\/logo-hanna-1200x630-1-768x403.png 768w, https:\/\/gsamericas.com\/aseguramiento-de-la-calidad\/wp-content\/uploads\/2021\/02\/logo-hanna-1200x630-1-800x420.png 800w, https:\/\/gsamericas.com\/aseguramiento-de-la-calidad\/wp-content\/uploads\/2021\/02\/logo-hanna-1200x630-1-1024x538.png 1024w, https:\/\/gsamericas.com\/aseguramiento-de-la-calidad\/wp-content\/uploads\/2021\/02\/logo-hanna-1200x630-1.png 1200w\" sizes=\"(max-width: 300px) 100vw, 300px\" \/><\/p>\n<p><strong>Descripci\u00f3n General<\/strong><\/p>\n<p>Instrumentaci\u00f3n para laboratorio, bas\u00e1ndonos en el sector agr\u00edcola, de alimentos y control de calidad en aguas.<\/p>\n","protected":false},"featured_media":1239,"template":"","meta":{"spay_email":""},"_links":{"self":[{"href":"https:\/\/gsamericas.com\/aseguramiento-de-la-calidad\/wp-json\/wp\/v2\/product\/890"}],"collection":[{"href":"https:\/\/gsamericas.com\/aseguramiento-de-la-calidad\/wp-json\/wp\/v2\/product"}],"about":[{"href":"https:\/\/gsamericas.com\/aseguramiento-de-la-calidad\/wp-json\/wp\/v2\/types\/product"}],"wp:featuredmedia":[{"embeddable":true,"href":"https:\/\/gsamericas.com\/aseguramiento-de-la-calidad\/wp-json\/wp\/v2\/media\/1239"}],"wp:attachment":[{"href":"https:\/\/gsamericas.com\/aseguramiento-de-la-calidad\/wp-json\/wp\/v2\/media?parent=890"}],"curies":[{"name":"wp","href":"https:\/\/api.w.org\/{rel}","templated":true}]}}