{"id":872,"date":"2021-02-02T12:20:50","date_gmt":"2021-02-02T18:20:50","guid":{"rendered":"http:\/\/gsamericas.com\/aseguramiento-de-la-calidad\/?post_type=product&#038;p=872"},"modified":"2021-03-18T16:48:45","modified_gmt":"2021-03-18T22:48:45","slug":"transportswab-dispositivo-de-dilucion-y-recoleccion-de-muestras-ambientales-copia","status":"publish","type":"product","link":"https:\/\/gsamericas.com\/aseguramiento-de-la-calidad\/producto\/transportswab-dispositivo-de-dilucion-y-recoleccion-de-muestras-ambientales-copia\/","title":{"rendered":"StickSponge: Recolecci\u00f3n de muestras ambientales"},"content":{"rendered":"<ul>\n<li>Esponja de celulosa y poliuretano sin biocidas de 1,5 \u00abx 3\u00bb<\/li>\n<li>Esterilizado por irradiaci\u00f3n gamma<\/li>\n<li>2,5 mil., 22 oz. bolso<\/li>\n<li>Gran \u00e1rea de escritura para una f\u00e1cil identificaci\u00f3n de la muestra<\/li>\n<li>Diluyentes disponibles: Agua de peptona tamponada, Tamp\u00f3n neutralizante, Caldo Letheen<\/li>\n<li>Duraci\u00f3n: 5 a\u00f1os para esponjas sin medio, 12-18 meses para esponjas con medios<\/li>\n<li>Almacenar a temperatura ambiente o refrigerada (2-25 \u00b0 C)<\/li>\n<\/ul>\n<p><strong>Informaci\u00f3n Adicional<\/strong><\/p>\n<p><a href=\"https:\/\/www.youtube.com\/watch?v=ujw0oB_bZNw\" target=\"_blank\" rel=\"noopener noreferrer\">Video Demostrativo<\/a><\/p>\n<p><a href=\"http:\/\/gsamericas.com\/aseguramiento-de-la-calidad\/wp-content\/uploads\/2021\/02\/Manual-de-uso-Stick-Sponge-and-Spongen-Bag-.pdf\" target=\"_blank\" rel=\"noopener noreferrer\">Ficha T\u00e9cnica<\/a><\/p>\n<p>&nbsp;<\/p>\n","protected":false},"excerpt":{"rendered":"<p><strong>C\u00f3digo<\/strong>\u00a0 \u00a0SS100LET<\/p>\n<p><strong>Marca\u00a0\u00a0 <\/strong>\u00a0HYGIENA<\/p>\n<p><img class=\"alignnone size-medium wp-image-713\" src=\"http:\/\/gsamericas.com\/aseguramiento-de-la-calidad\/wp-content\/uploads\/2021\/01\/hygiena-300x168.png\" alt=\"\" width=\"300\" height=\"168\" srcset=\"https:\/\/gsamericas.com\/aseguramiento-de-la-calidad\/wp-content\/uploads\/2021\/01\/hygiena-200x112.png 200w, https:\/\/gsamericas.com\/aseguramiento-de-la-calidad\/wp-content\/uploads\/2021\/01\/hygiena-300x168.png 300w, https:\/\/gsamericas.com\/aseguramiento-de-la-calidad\/wp-content\/uploads\/2021\/01\/hygiena-400x224.png 400w, https:\/\/gsamericas.com\/aseguramiento-de-la-calidad\/wp-content\/uploads\/2021\/01\/hygiena-500x281.png 500w, https:\/\/gsamericas.com\/aseguramiento-de-la-calidad\/wp-content\/uploads\/2021\/01\/hygiena-600x337.png 600w, https:\/\/gsamericas.com\/aseguramiento-de-la-calidad\/wp-content\/uploads\/2021\/01\/hygiena-700x393.png 700w, https:\/\/gsamericas.com\/aseguramiento-de-la-calidad\/wp-content\/uploads\/2021\/01\/hygiena-768x431.png 768w, https:\/\/gsamericas.com\/aseguramiento-de-la-calidad\/wp-content\/uploads\/2021\/01\/hygiena-800x449.png 800w, https:\/\/gsamericas.com\/aseguramiento-de-la-calidad\/wp-content\/uploads\/2021\/01\/hygiena-1024x575.png 1024w, https:\/\/gsamericas.com\/aseguramiento-de-la-calidad\/wp-content\/uploads\/2021\/01\/hygiena-1200x673.png 1200w, https:\/\/gsamericas.com\/aseguramiento-de-la-calidad\/wp-content\/uploads\/2021\/01\/hygiena-1536x862.png 1536w, https:\/\/gsamericas.com\/aseguramiento-de-la-calidad\/wp-content\/uploads\/2021\/01\/hygiena.png 1925w\" sizes=\"(max-width: 300px) 100vw, 300px\" \/><\/p>\n<p><strong>Descripci\u00f3n General<\/strong><\/p>\n<p>StickSponge, es una esponja de celulosa y poliuretano sin biocidas sujeta a un mango de pl\u00e1stico y se suministra en una bolsa est\u00e9ril a prueba de fugas. Permite la recolecci\u00f3n de una muestra sin manipular directamente la esponja, lo que facilita el acceso a desag\u00fces, tuber\u00edas y alrededor del equipo.<\/p>\n","protected":false},"featured_media":1246,"template":"","meta":{"spay_email":""},"_links":{"self":[{"href":"https:\/\/gsamericas.com\/aseguramiento-de-la-calidad\/wp-json\/wp\/v2\/product\/872"}],"collection":[{"href":"https:\/\/gsamericas.com\/aseguramiento-de-la-calidad\/wp-json\/wp\/v2\/product"}],"about":[{"href":"https:\/\/gsamericas.com\/aseguramiento-de-la-calidad\/wp-json\/wp\/v2\/types\/product"}],"wp:featuredmedia":[{"embeddable":true,"href":"https:\/\/gsamericas.com\/aseguramiento-de-la-calidad\/wp-json\/wp\/v2\/media\/1246"}],"wp:attachment":[{"href":"https:\/\/gsamericas.com\/aseguramiento-de-la-calidad\/wp-json\/wp\/v2\/media?parent=872"}],"curies":[{"name":"wp","href":"https:\/\/api.w.org\/{rel}","templated":true}]}}