{"id":863,"date":"2021-02-02T11:45:33","date_gmt":"2021-02-02T17:45:33","guid":{"rendered":"http:\/\/gsamericas.com\/aseguramiento-de-la-calidad\/?post_type=product&#038;p=863"},"modified":"2021-03-18T16:52:13","modified_gmt":"2021-03-18T22:52:13","slug":"quick-swab-recoleccion-de-muestras-ambientales","status":"publish","type":"product","link":"https:\/\/gsamericas.com\/aseguramiento-de-la-calidad\/producto\/quick-swab-recoleccion-de-muestras-ambientales\/","title":{"rendered":"Quick-Swab: Recolecci\u00f3n de muestras ambientales"},"content":{"rendered":"<ul>\n<li>Q-Swab se puede usar h\u00famedo o seco para muestrear superficies.<\/li>\n<li>Los dispositivos Q-Swab (caldo Letheen) no contienen bi-sulfitos. Contienen otros ingredientes como la lecitina que neutraliza ciertos compuestos de amonio cuaternario (desinfectantes) y Tween 80 que tambi\u00e9n neutraliza los desinfectantes fen\u00f3licos.<\/li>\n<li>Vida \u00fatil: 18 meses.<\/li>\n<li>Puede encontrar los hisopos con Caldo Letheen o\u00a0 Agua peptonada.<\/li>\n<\/ul>\n<p><strong>Informaci\u00f3n Adicional<\/strong><\/p>\n<p><a href=\"https:\/\/www.youtube.com\/watch?v=t1zZZYudcTU\" target=\"_blank\" rel=\"noopener noreferrer\">Video demostrativo<\/a><\/p>\n<p><a href=\"http:\/\/gsamericas.com\/aseguramiento-de-la-calidad\/wp-content\/uploads\/2021\/02\/Manual-de-uso-Q-Swab.pdf\" target=\"_blank\" rel=\"noopener noreferrer\">Ficha T\u00e9cnica<\/a><\/p>\n<p>&nbsp;<\/p>\n","protected":false},"excerpt":{"rendered":"<p><strong>C\u00f3digo<\/strong>\u00a0 \u00a0QS1200<\/p>\n<p><strong>Marca\u00a0\u00a0 <\/strong>\u00a0HYGIENA<\/p>\n<p><img class=\"alignnone size-medium wp-image-713\" src=\"http:\/\/gsamericas.com\/aseguramiento-de-la-calidad\/wp-content\/uploads\/2021\/01\/hygiena-300x168.png\" alt=\"\" width=\"300\" height=\"168\" srcset=\"https:\/\/gsamericas.com\/aseguramiento-de-la-calidad\/wp-content\/uploads\/2021\/01\/hygiena-200x112.png 200w, https:\/\/gsamericas.com\/aseguramiento-de-la-calidad\/wp-content\/uploads\/2021\/01\/hygiena-300x168.png 300w, https:\/\/gsamericas.com\/aseguramiento-de-la-calidad\/wp-content\/uploads\/2021\/01\/hygiena-400x224.png 400w, https:\/\/gsamericas.com\/aseguramiento-de-la-calidad\/wp-content\/uploads\/2021\/01\/hygiena-500x281.png 500w, https:\/\/gsamericas.com\/aseguramiento-de-la-calidad\/wp-content\/uploads\/2021\/01\/hygiena-600x337.png 600w, https:\/\/gsamericas.com\/aseguramiento-de-la-calidad\/wp-content\/uploads\/2021\/01\/hygiena-700x393.png 700w, https:\/\/gsamericas.com\/aseguramiento-de-la-calidad\/wp-content\/uploads\/2021\/01\/hygiena-768x431.png 768w, https:\/\/gsamericas.com\/aseguramiento-de-la-calidad\/wp-content\/uploads\/2021\/01\/hygiena-800x449.png 800w, https:\/\/gsamericas.com\/aseguramiento-de-la-calidad\/wp-content\/uploads\/2021\/01\/hygiena-1024x575.png 1024w, https:\/\/gsamericas.com\/aseguramiento-de-la-calidad\/wp-content\/uploads\/2021\/01\/hygiena-1200x673.png 1200w, https:\/\/gsamericas.com\/aseguramiento-de-la-calidad\/wp-content\/uploads\/2021\/01\/hygiena-1536x862.png 1536w, https:\/\/gsamericas.com\/aseguramiento-de-la-calidad\/wp-content\/uploads\/2021\/01\/hygiena.png 1925w\" sizes=\"(max-width: 300px) 100vw, 300px\" \/><\/p>\n<p><strong>Descripci\u00f3n General<\/strong><\/p>\n<p>Quick Swab son dispositivo de recolecci\u00f3n \u00a0y entrega de muestras ambientales, espec\u00edficos para muestreos de\u00a0 superficies. Simplemente recolecte una muestra ambiental y encaje el bulbo en la parte superior del dispositivo para liberar 1.0 mL de medio en la muestra. El medio neutraliza los desinfectantes residuales y facilita la recuperaci\u00f3n de bacterias. Despu\u00e9s de la activaci\u00f3n, la muestra est\u00e1 lista para verterse en un medio deshidratado o esparcirse en placas de agar para su cultivo.<\/p>\n<p>&nbsp;<\/p>\n","protected":false},"featured_media":1004,"template":"","meta":{"spay_email":""},"_links":{"self":[{"href":"https:\/\/gsamericas.com\/aseguramiento-de-la-calidad\/wp-json\/wp\/v2\/product\/863"}],"collection":[{"href":"https:\/\/gsamericas.com\/aseguramiento-de-la-calidad\/wp-json\/wp\/v2\/product"}],"about":[{"href":"https:\/\/gsamericas.com\/aseguramiento-de-la-calidad\/wp-json\/wp\/v2\/types\/product"}],"wp:featuredmedia":[{"embeddable":true,"href":"https:\/\/gsamericas.com\/aseguramiento-de-la-calidad\/wp-json\/wp\/v2\/media\/1004"}],"wp:attachment":[{"href":"https:\/\/gsamericas.com\/aseguramiento-de-la-calidad\/wp-json\/wp\/v2\/media?parent=863"}],"curies":[{"name":"wp","href":"https:\/\/api.w.org\/{rel}","templated":true}]}}