{"id":856,"date":"2021-02-02T10:50:16","date_gmt":"2021-02-02T16:50:16","guid":{"rendered":"http:\/\/gsamericas.com\/aseguramiento-de-la-calidad\/?post_type=product&#038;p=856"},"modified":"2021-03-18T16:42:00","modified_gmt":"2021-03-18T22:42:00","slug":"luminometro-ensure","status":"publish","type":"product","link":"https:\/\/gsamericas.com\/aseguramiento-de-la-calidad\/producto\/luminometro-ensure\/","title":{"rendered":"Lumin\u00f3metro SystemSURE Plus"},"content":{"rendered":"<ul>\n<li>Puede detectar hasta 1 femtomole (1 x 10-15 moles) de ATP<\/li>\n<li>El sensor de fotodiodo avanzado ofrece poca variaci\u00f3n y permanece en calibraci\u00f3n<\/li>\n<li>\u00a0El teclado de s\u00edmbolos es f\u00e1cil de entender y navegar para cualquier usuario<\/li>\n<li>Funciona con 2 pilas AA durante varios meses de uso ininterrumpido<\/li>\n<li>Capacidad de memoria: 100 planes de prueba programables, 200 ID de usuario programables, 251 ubicaciones programables por plan de prueba, 5,000 ubicaciones de prueba programables<\/li>\n<li>Instrumento de mano peque\u00f1o y ligero (0,57 libras, 7,6 x 17,8 x 3 cm)<\/li>\n<li>El modo de prueba r\u00e1pida permite realizar pruebas ad-hoc<\/li>\n<li>C\u00e1mara de lectura extra\u00edble para facilitar la limpieza<\/li>\n<li>Se conecta al software SureTrend a trav\u00e9s de USB<\/li>\n<\/ul>\n<p><strong>\u00a0<\/strong><strong>Informaci\u00f3n Adicional<\/strong><\/p>\n<p><a href=\"https:\/\/www.youtube.com\/watch?v=tsjLPP6y1Ok\" target=\"_blank\" rel=\"noopener noreferrer\">Video demostrativo<\/a><\/p>\n<p><a href=\"http:\/\/gsamericas.com\/aseguramiento-de-la-calidad\/wp-content\/uploads\/2021\/02\/Brochure-de-SystemSurePlis.pdf\" target=\"_blank\" rel=\"noopener noreferrer\">Brochure<\/a><\/p>\n<p><a href=\"http:\/\/gsamericas.com\/aseguramiento-de-la-calidad\/wp-content\/uploads\/2021\/02\/Healthcare_System_Implementation_Guide_042016.pdf\" target=\"_blank\" rel=\"noopener noreferrer\">Gu\u00eda de Monitoreo de Higiene<\/a><\/p>\n","protected":false},"excerpt":{"rendered":"<p><strong>C\u00f3digo<\/strong> \u00a0 SystemSURE Plus<\/p>\n<p><strong>Marca\u00a0\u00a0 <\/strong>\u00a0HYGIENA<\/p>\n<p><img class=\"alignnone size-medium wp-image-713\" src=\"http:\/\/gsamericas.com\/aseguramiento-de-la-calidad\/wp-content\/uploads\/2021\/01\/hygiena-300x168.png\" alt=\"\" width=\"300\" height=\"168\" srcset=\"https:\/\/gsamericas.com\/aseguramiento-de-la-calidad\/wp-content\/uploads\/2021\/01\/hygiena-200x112.png 200w, https:\/\/gsamericas.com\/aseguramiento-de-la-calidad\/wp-content\/uploads\/2021\/01\/hygiena-300x168.png 300w, https:\/\/gsamericas.com\/aseguramiento-de-la-calidad\/wp-content\/uploads\/2021\/01\/hygiena-400x224.png 400w, https:\/\/gsamericas.com\/aseguramiento-de-la-calidad\/wp-content\/uploads\/2021\/01\/hygiena-500x281.png 500w, https:\/\/gsamericas.com\/aseguramiento-de-la-calidad\/wp-content\/uploads\/2021\/01\/hygiena-600x337.png 600w, https:\/\/gsamericas.com\/aseguramiento-de-la-calidad\/wp-content\/uploads\/2021\/01\/hygiena-700x393.png 700w, https:\/\/gsamericas.com\/aseguramiento-de-la-calidad\/wp-content\/uploads\/2021\/01\/hygiena-768x431.png 768w, https:\/\/gsamericas.com\/aseguramiento-de-la-calidad\/wp-content\/uploads\/2021\/01\/hygiena-800x449.png 800w, https:\/\/gsamericas.com\/aseguramiento-de-la-calidad\/wp-content\/uploads\/2021\/01\/hygiena-1024x575.png 1024w, https:\/\/gsamericas.com\/aseguramiento-de-la-calidad\/wp-content\/uploads\/2021\/01\/hygiena-1200x673.png 1200w, https:\/\/gsamericas.com\/aseguramiento-de-la-calidad\/wp-content\/uploads\/2021\/01\/hygiena-1536x862.png 1536w, https:\/\/gsamericas.com\/aseguramiento-de-la-calidad\/wp-content\/uploads\/2021\/01\/hygiena.png 1925w\" sizes=\"(max-width: 300px) 100vw, 300px\" \/><\/p>\n<p><strong>Descripci\u00f3n General<\/strong><\/p>\n<p>SystemSURE Plus es un sistema de control de higiene, por medio de la tecnolog\u00eda de ATP, es un equipo\u00a0 robusto, con alta tecnolog\u00eda y facilidad de uso. Este lumin\u00f3metro cumple las demandas de las empresas m\u00e1s grandes y m\u00e1s peque\u00f1as del mundo.<\/p>\n","protected":false},"featured_media":1061,"template":"","meta":{"spay_email":""},"_links":{"self":[{"href":"https:\/\/gsamericas.com\/aseguramiento-de-la-calidad\/wp-json\/wp\/v2\/product\/856"}],"collection":[{"href":"https:\/\/gsamericas.com\/aseguramiento-de-la-calidad\/wp-json\/wp\/v2\/product"}],"about":[{"href":"https:\/\/gsamericas.com\/aseguramiento-de-la-calidad\/wp-json\/wp\/v2\/types\/product"}],"wp:featuredmedia":[{"embeddable":true,"href":"https:\/\/gsamericas.com\/aseguramiento-de-la-calidad\/wp-json\/wp\/v2\/media\/1061"}],"wp:attachment":[{"href":"https:\/\/gsamericas.com\/aseguramiento-de-la-calidad\/wp-json\/wp\/v2\/media?parent=856"}],"curies":[{"name":"wp","href":"https:\/\/api.w.org\/{rel}","templated":true}]}}