{"id":838,"date":"2021-02-01T14:20:02","date_gmt":"2021-02-01T20:20:02","guid":{"rendered":"http:\/\/gsamericas.com\/aseguramiento-de-la-calidad\/?post_type=product&#038;p=838"},"modified":"2021-03-18T16:56:32","modified_gmt":"2021-03-18T22:56:32","slug":"compact-dry-deteccion-de-microorganismos","status":"publish","type":"product","link":"https:\/\/gsamericas.com\/aseguramiento-de-la-calidad\/producto\/compact-dry-deteccion-de-microorganismos\/","title":{"rendered":"Compact Dry: Detecci\u00f3n de microorganismos"},"content":{"rendered":"<ul>\n<li>Medios preparados, deshidratados y cromog\u00e9nicos.<\/li>\n<li>Permiten la siembre de 1 ml de muestra, con autodifusi\u00f3n y sin tener que fundir agares.<\/li>\n<li>Listas para usar de inmediato y sin tener que sembrar ni extender<\/li>\n<li>Resultados r\u00e1pidos: Compact-Dry es un m\u00e9todo directo con resultados en 24h<\/li>\n<li>M\u00e1s espacio en el laboratorio: placas miniaturizadas y est\u00e9riles.<\/li>\n<li>Con gradilla serigrafiada para facilitar recuento.<\/li>\n<li>No necesitan refrigeraci\u00f3n.<\/li>\n<li>Permite la incubaci\u00f3n de membranas de filtraci\u00f3n.<\/li>\n<li>Esterilidad 100% en placa cerrada y compacta<\/li>\n<li>Validadas por MICROVAL, Aprobadas por AOAC.<\/li>\n<li>Gama completa de par\u00e1metros microbiol\u00f3gicos. (<em>Recuento Total aer\u00f3bio, Enterobacterias, Coliformes, E.coli, Salmonella, Listeria, Hongos y Levaduras, Staphylococcus aureus, Enterococcus, Bacillus cereus, Pseudomona aeruginosa)<\/em><\/li>\n<\/ul>\n","protected":false},"excerpt":{"rendered":"<p><strong>C\u00f3digo<\/strong>\u00a0 \u00a0COMPACT DRY<\/p>\n<p><strong>Marca\u00a0\u00a0 <\/strong>\u00a0NISSUI<\/p>\n<p><img class=\"alignnone size-medium wp-image-841\" src=\"http:\/\/gsamericas.com\/aseguramiento-de-la-calidad\/wp-content\/uploads\/2021\/02\/Compact-Dry-Logo-Nissui-300x65.png\" alt=\"\" width=\"300\" height=\"65\" srcset=\"https:\/\/gsamericas.com\/aseguramiento-de-la-calidad\/wp-content\/uploads\/2021\/02\/Compact-Dry-Logo-Nissui-200x43.png 200w, https:\/\/gsamericas.com\/aseguramiento-de-la-calidad\/wp-content\/uploads\/2021\/02\/Compact-Dry-Logo-Nissui-300x65.png 300w, https:\/\/gsamericas.com\/aseguramiento-de-la-calidad\/wp-content\/uploads\/2021\/02\/Compact-Dry-Logo-Nissui-400x87.png 400w, https:\/\/gsamericas.com\/aseguramiento-de-la-calidad\/wp-content\/uploads\/2021\/02\/Compact-Dry-Logo-Nissui-500x109.png 500w, https:\/\/gsamericas.com\/aseguramiento-de-la-calidad\/wp-content\/uploads\/2021\/02\/Compact-Dry-Logo-Nissui-600x130.png 600w, https:\/\/gsamericas.com\/aseguramiento-de-la-calidad\/wp-content\/uploads\/2021\/02\/Compact-Dry-Logo-Nissui-700x152.png 700w, https:\/\/gsamericas.com\/aseguramiento-de-la-calidad\/wp-content\/uploads\/2021\/02\/Compact-Dry-Logo-Nissui-768x167.png 768w, https:\/\/gsamericas.com\/aseguramiento-de-la-calidad\/wp-content\/uploads\/2021\/02\/Compact-Dry-Logo-Nissui-800x174.png 800w, https:\/\/gsamericas.com\/aseguramiento-de-la-calidad\/wp-content\/uploads\/2021\/02\/Compact-Dry-Logo-Nissui-1024x223.png 1024w, https:\/\/gsamericas.com\/aseguramiento-de-la-calidad\/wp-content\/uploads\/2021\/02\/Compact-Dry-Logo-Nissui-1200x261.png 1200w, https:\/\/gsamericas.com\/aseguramiento-de-la-calidad\/wp-content\/uploads\/2021\/02\/Compact-Dry-Logo-Nissui-1536x334.png 1536w, https:\/\/gsamericas.com\/aseguramiento-de-la-calidad\/wp-content\/uploads\/2021\/02\/Compact-Dry-Logo-Nissui.png 7087w\" sizes=\"(max-width: 300px) 100vw, 300px\" \/><\/p>\n<p><strong>Descripci\u00f3n General<\/strong><\/p>\n<p>Compact Dry, son placas miniaturizadas para el cultivo microbiol\u00f3gico, constituyen una gama de productos bajo un denominador com\u00fan: disponer de un procedimiento sencillo y seguro para determinar y cuantificar microorganismos en productos alimenticios, cosm\u00e9ticos, farmac\u00e9uticos y aguas. Pueden utilizarse con diversas matrices como materias primas, productos de proceso y producto final en todo tipo de an\u00e1lisis e industrias. Las placas incorporan un medio de cultivo cromog\u00e9nico deshidratado y preparado para su uso inmediato, y tienen una caducidad de 18-24 meses.<\/p>\n","protected":false},"featured_media":1238,"template":"","meta":{"spay_email":""},"_links":{"self":[{"href":"https:\/\/gsamericas.com\/aseguramiento-de-la-calidad\/wp-json\/wp\/v2\/product\/838"}],"collection":[{"href":"https:\/\/gsamericas.com\/aseguramiento-de-la-calidad\/wp-json\/wp\/v2\/product"}],"about":[{"href":"https:\/\/gsamericas.com\/aseguramiento-de-la-calidad\/wp-json\/wp\/v2\/types\/product"}],"wp:featuredmedia":[{"embeddable":true,"href":"https:\/\/gsamericas.com\/aseguramiento-de-la-calidad\/wp-json\/wp\/v2\/media\/1238"}],"wp:attachment":[{"href":"https:\/\/gsamericas.com\/aseguramiento-de-la-calidad\/wp-json\/wp\/v2\/media?parent=838"}],"curies":[{"name":"wp","href":"https:\/\/api.w.org\/{rel}","templated":true}]}}