{"id":720,"date":"2021-01-27T14:49:11","date_gmt":"2021-01-27T20:49:11","guid":{"rendered":"http:\/\/gsamericas.com\/aseguramiento-de-la-calidad\/?post_type=product&#038;p=720"},"modified":"2021-03-19T16:21:53","modified_gmt":"2021-03-19T22:21:53","slug":"aquasnap","status":"publish","type":"product","link":"https:\/\/gsamericas.com\/aseguramiento-de-la-calidad\/producto\/aquasnap\/","title":{"rendered":"AquaSnap. Prueba para ATP en muestras l\u00edquidas"},"content":{"rendered":"<ul>\n<li>Alta sensibilidad Detecta de 0.1-1 femtomoles de ATP. Detecta hasta 10^3 UFC<\/li>\n<li>Reactivos tolerantes a excesos de temperatura y los efectos de sanitizantes.<\/li>\n<li>Resultados en 15 segundos<\/li>\n<li>Material reciclable<\/li>\n<li>Larga vida \u00fatil\n<ul>\n<li>15 meses en refrigeraci\u00f3n (2-8\u00b0C)<\/li>\n<li>4 meses a temperatura ambiente (21-25\u00b0C)<\/li>\n<\/ul>\n<\/li>\n<li>Compatible con lumin\u00f3metros\n<ul>\n<li>EnSURETouch<\/li>\n<li>EnSURE<\/li>\n<li>SystemSURE<\/li>\n<\/ul>\n<\/li>\n<\/ul>\n<p><strong>Informaci\u00f3n Adicional<\/strong><\/p>\n<p><a href=\"https:\/\/www.youtube.com\/watch?v=Y14fdDqW358\" target=\"_blank\" rel=\"noopener noreferrer\">Video demostrativo<\/a><\/p>\n<p><a href=\"http:\/\/gsamericas.com\/aseguramiento-de-la-calidad\/wp-content\/uploads\/2021\/01\/Ficha-tecnica-AQ100X.pdf\" target=\"_blank\" rel=\"noopener noreferrer\">Ficha t\u00e9cnica<\/a><\/p>\n<p>&nbsp;<\/p>\n","protected":false},"excerpt":{"rendered":"<p><strong>C\u00f3digo<\/strong>\u00a0 AQ100X \/AQ100 FX<\/p>\n<p><strong>Marca\u00a0<\/strong> HYGIENA<\/p>\n<p><img class=\"alignnone wp-image-713\" src=\"http:\/\/gsamericas.com\/aseguramiento-de-la-calidad\/wp-content\/uploads\/2021\/01\/hygiena-300x168.png\" alt=\"\" width=\"300\" height=\"168\" srcset=\"https:\/\/gsamericas.com\/aseguramiento-de-la-calidad\/wp-content\/uploads\/2021\/01\/hygiena-200x112.png 200w, https:\/\/gsamericas.com\/aseguramiento-de-la-calidad\/wp-content\/uploads\/2021\/01\/hygiena-300x168.png 300w, https:\/\/gsamericas.com\/aseguramiento-de-la-calidad\/wp-content\/uploads\/2021\/01\/hygiena-400x224.png 400w, https:\/\/gsamericas.com\/aseguramiento-de-la-calidad\/wp-content\/uploads\/2021\/01\/hygiena-500x281.png 500w, https:\/\/gsamericas.com\/aseguramiento-de-la-calidad\/wp-content\/uploads\/2021\/01\/hygiena-600x337.png 600w, https:\/\/gsamericas.com\/aseguramiento-de-la-calidad\/wp-content\/uploads\/2021\/01\/hygiena-700x393.png 700w, https:\/\/gsamericas.com\/aseguramiento-de-la-calidad\/wp-content\/uploads\/2021\/01\/hygiena-768x431.png 768w, https:\/\/gsamericas.com\/aseguramiento-de-la-calidad\/wp-content\/uploads\/2021\/01\/hygiena-800x449.png 800w, https:\/\/gsamericas.com\/aseguramiento-de-la-calidad\/wp-content\/uploads\/2021\/01\/hygiena-1024x575.png 1024w, https:\/\/gsamericas.com\/aseguramiento-de-la-calidad\/wp-content\/uploads\/2021\/01\/hygiena-1200x673.png 1200w, https:\/\/gsamericas.com\/aseguramiento-de-la-calidad\/wp-content\/uploads\/2021\/01\/hygiena-1536x862.png 1536w, https:\/\/gsamericas.com\/aseguramiento-de-la-calidad\/wp-content\/uploads\/2021\/01\/hygiena.png 1925w\" sizes=\"(max-width: 300px) 100vw, 300px\" \/><\/p>\n<p><strong>Descripci\u00f3n General<\/strong><\/p>\n<p>El AquaSnap es una prueba para ATP en muestras l\u00edquidas f\u00e1cil de usar, dise\u00f1ada para usarse con los lumin\u00f3metros de Hygiena. El dispositivo est\u00e1 disponible en dos formatos: Libre y Total. Ambas pruebas ofrecen un dise\u00f1o espec\u00edfico con punta de inmersi\u00f3n para l\u00edquidos que recoge 100 \u00b5l de agua, asegurando una toma de la muestra consistente. Los dispositivos se utilizan a menudo para monitorear los sistemas CIP y para sistemas de tratamiento de agua industriales tales como torres de enfriamiento y sistemas de agua cerrados.<\/p>\n","protected":false},"featured_media":1230,"template":"","meta":{"spay_email":""},"_links":{"self":[{"href":"https:\/\/gsamericas.com\/aseguramiento-de-la-calidad\/wp-json\/wp\/v2\/product\/720"}],"collection":[{"href":"https:\/\/gsamericas.com\/aseguramiento-de-la-calidad\/wp-json\/wp\/v2\/product"}],"about":[{"href":"https:\/\/gsamericas.com\/aseguramiento-de-la-calidad\/wp-json\/wp\/v2\/types\/product"}],"wp:featuredmedia":[{"embeddable":true,"href":"https:\/\/gsamericas.com\/aseguramiento-de-la-calidad\/wp-json\/wp\/v2\/media\/1230"}],"wp:attachment":[{"href":"https:\/\/gsamericas.com\/aseguramiento-de-la-calidad\/wp-json\/wp\/v2\/media?parent=720"}],"curies":[{"name":"wp","href":"https:\/\/api.w.org\/{rel}","templated":true}]}}